{"id":5619,"date":"2020-09-08T01:57:55","date_gmt":"2020-09-07T17:57:55","guid":{"rendered":"https:\/\/ai-ways.bem-dev.be\/imprint\/"},"modified":"2023-08-02T17:54:37","modified_gmt":"2023-08-02T15:54:37","slug":"imprint","status":"publish","type":"page","link":"https:\/\/aiways-switzerland.ch\/de\/imprint\/","title":{"rendered":"Aiways Switzerland Imprint"},"content":{"rendered":"\t\t<div data-elementor-type=\"wp-page\" data-elementor-id=\"5619\" class=\"elementor elementor-5619 elementor-119\" data-elementor-post-type=\"page\">\n\t\t\t\t\t\t<section data-particle_enable=\"false\" data-particle-mobile-disabled=\"false\" class=\"elementor-section elementor-top-section elementor-element elementor-element-bcb7bec elementor-section-boxed elementor-section-height-default elementor-section-height-default\" data-id=\"bcb7bec\" data-element_type=\"section\" data-settings=\"{&quot;jet_parallax_layout_list&quot;:[{&quot;jet_parallax_layout_image&quot;:{&quot;url&quot;:&quot;&quot;,&quot;id&quot;:&quot;&quot;,&quot;size&quot;:&quot;&quot;},&quot;_id&quot;:&quot;044cdb2&quot;,&quot;jet_parallax_layout_image_tablet&quot;:{&quot;url&quot;:&quot;&quot;,&quot;id&quot;:&quot;&quot;,&quot;size&quot;:&quot;&quot;},&quot;jet_parallax_layout_image_mobile&quot;:{&quot;url&quot;:&quot;&quot;,&quot;id&quot;:&quot;&quot;,&quot;size&quot;:&quot;&quot;},&quot;jet_parallax_layout_speed&quot;:{&quot;unit&quot;:&quot;%&quot;,&quot;size&quot;:50,&quot;sizes&quot;:[]},&quot;jet_parallax_layout_type&quot;:&quot;scroll&quot;,&quot;jet_parallax_layout_direction&quot;:&quot;1&quot;,&quot;jet_parallax_layout_fx_direction&quot;:null,&quot;jet_parallax_layout_z_index&quot;:&quot;&quot;,&quot;jet_parallax_layout_bg_x&quot;:50,&quot;jet_parallax_layout_bg_x_tablet&quot;:&quot;&quot;,&quot;jet_parallax_layout_bg_x_mobile&quot;:&quot;&quot;,&quot;jet_parallax_layout_bg_y&quot;:50,&quot;jet_parallax_layout_bg_y_tablet&quot;:&quot;&quot;,&quot;jet_parallax_layout_bg_y_mobile&quot;:&quot;&quot;,&quot;jet_parallax_layout_bg_size&quot;:&quot;auto&quot;,&quot;jet_parallax_layout_bg_size_tablet&quot;:&quot;&quot;,&quot;jet_parallax_layout_bg_size_mobile&quot;:&quot;&quot;,&quot;jet_parallax_layout_animation_prop&quot;:&quot;transform&quot;,&quot;jet_parallax_layout_on&quot;:[&quot;desktop&quot;,&quot;tablet&quot;]}]}\">\n\t\t\t\t\t\t<div class=\"elementor-container elementor-column-gap-wide\">\n\t\t\t\t\t<div class=\"elementor-column elementor-col-100 elementor-top-column elementor-element elementor-element-02c7bd7\" data-id=\"02c7bd7\" data-element_type=\"column\">\n\t\t\t<div class=\"elementor-widget-wrap elementor-element-populated\">\n\t\t\t\t\t\t<div class=\"elementor-element elementor-element-f98f7df elementor-widget elementor-widget-heading\" data-id=\"f98f7df\" data-element_type=\"widget\" data-widget_type=\"heading.default\">\n\t\t\t\t<div class=\"elementor-widget-container\">\n\t\t\t\t\t<h4 class=\"elementor-heading-title elementor-size-default\">Impressum<\/h4>\t\t\t\t<\/div>\n\t\t\t\t<\/div>\n\t\t\t\t<div class=\"elementor-element elementor-element-75eecb2 elementor-widget elementor-widget-spacer\" data-id=\"75eecb2\" data-element_type=\"widget\" data-widget_type=\"spacer.default\">\n\t\t\t\t<div class=\"elementor-widget-container\">\n\t\t\t\t\t\t\t<div class=\"elementor-spacer\">\n\t\t\t<div class=\"elementor-spacer-inner\"><\/div>\n\t\t<\/div>\n\t\t\t\t\t\t<\/div>\n\t\t\t\t<\/div>\n\t\t\t\t<div class=\"elementor-element elementor-element-ba960d3 elementor-widget elementor-widget-heading\" data-id=\"ba960d3\" data-element_type=\"widget\" data-widget_type=\"heading.default\">\n\t\t\t\t<div class=\"elementor-widget-container\">\n\t\t\t\t\t<h4 class=\"elementor-heading-title elementor-size-default\">Kontakt<\/h4>\t\t\t\t<\/div>\n\t\t\t\t<\/div>\n\t\t\t\t<div class=\"elementor-element elementor-element-ab0111d elementor-widget elementor-widget-text-editor\" data-id=\"ab0111d\" data-element_type=\"widget\" data-widget_type=\"text-editor.default\">\n\t\t\t\t<div class=\"elementor-widget-container\">\n\t\t\t\t\t\t\t\t\t<p>Maxomotive Schweiz AG<\/p><p>Brandbachstrasse 6<\/p><p>8305 Dietlikon<\/p><p><span class=\"ui-provider fy b c d e f g h i j k l m n o p q r s t u v w x y z ab ac ae af ag ah ai aj ak\" dir=\"ltr\"><a class=\"fui-Link ___1eya986 f3rmtva f1ewtqcl fyind8e f1k6fduh f1w7gpdv fk6fouc fjoy568 figsok6 f1hu3pq6 f11qmguv f19f4twv f1tyq0we f1g0x7ka fhxju0i f1qch9an f1cnd47f fqv5qza f1vmzxwi f1o700av f13mvf36 f1cmlufx f9n3di6 f1ids18y f1tx3yz7 f1deo86v f1eh06m1 f1iescvh fhgqx19 f1olyrje f1p93eir f1nev41a f1h8hb77 f1x7u7e9 f10aw75t fsle3fq f17ae5zn\" title=\"mailto:info.aiways.ch@astara.com\" href=\"mailto:info.aiways.ch@astara.com\" target=\"_blank\" rel=\"noreferrer noopener\" aria-label=\"Link info.aiways.ch@astara.com\">info.aiways.ch@astara.com<\/a><\/span><\/p><p><a href=\"tel:[+41800063063]\">+41 800 063 063<\/a><\/p>\t\t\t\t\t\t\t\t<\/div>\n\t\t\t\t<\/div>\n\t\t\t\t<div class=\"elementor-element elementor-element-b7dcc6b elementor-widget elementor-widget-spacer\" data-id=\"b7dcc6b\" data-element_type=\"widget\" data-widget_type=\"spacer.default\">\n\t\t\t\t<div class=\"elementor-widget-container\">\n\t\t\t\t\t\t\t<div class=\"elementor-spacer\">\n\t\t\t<div class=\"elementor-spacer-inner\"><\/div>\n\t\t<\/div>\n\t\t\t\t\t\t<\/div>\n\t\t\t\t<\/div>\n\t\t\t\t<div class=\"elementor-element elementor-element-e56f3da elementor-widget elementor-widget-heading\" data-id=\"e56f3da\" data-element_type=\"widget\" data-widget_type=\"heading.default\">\n\t\t\t\t<div class=\"elementor-widget-container\">\n\t\t\t\t\t<h4 class=\"elementor-heading-title elementor-size-default\">Rechtliche Informationen<\/h4>\t\t\t\t<\/div>\n\t\t\t\t<\/div>\n\t\t\t\t<div class=\"elementor-element elementor-element-b118e74 elementor-widget elementor-widget-text-editor\" data-id=\"b118e74\" data-element_type=\"widget\" data-widget_type=\"text-editor.default\">\n\t\t\t\t<div class=\"elementor-widget-container\">\n\t\t\t\t\t\t\t\t\t<p>Gesch\u00e4ftsf\u00fchrer: Dr.Alexander Carsten Klose<br \/>Sitz der Gesellschaft: M\u00fcnchen<br \/>Registergericht: Amtsgericht M\u00fcnchen HRB 254481<br \/>Umsatzsteuer-ID-Nr.: DE327427104<\/p>\t\t\t\t\t\t\t\t<\/div>\n\t\t\t\t<\/div>\n\t\t\t\t<div class=\"elementor-element elementor-element-cbd086f elementor-widget elementor-widget-spacer\" data-id=\"cbd086f\" data-element_type=\"widget\" data-widget_type=\"spacer.default\">\n\t\t\t\t<div class=\"elementor-widget-container\">\n\t\t\t\t\t\t\t<div class=\"elementor-spacer\">\n\t\t\t<div class=\"elementor-spacer-inner\"><\/div>\n\t\t<\/div>\n\t\t\t\t\t\t<\/div>\n\t\t\t\t<\/div>\n\t\t\t\t<div class=\"elementor-element elementor-element-1ba7649 elementor-widget elementor-widget-heading\" data-id=\"1ba7649\" data-element_type=\"widget\" data-widget_type=\"heading.default\">\n\t\t\t\t<div class=\"elementor-widget-container\">\n\t\t\t\t\t<h4 class=\"elementor-heading-title elementor-size-default\">Bankinformation<\/h4>\t\t\t\t<\/div>\n\t\t\t\t<\/div>\n\t\t\t\t<div class=\"elementor-element elementor-element-79b6793 elementor-widget elementor-widget-text-editor\" data-id=\"79b6793\" data-element_type=\"widget\" data-widget_type=\"text-editor.default\">\n\t\t\t\t<div class=\"elementor-widget-container\">\n\t\t\t\t\t\t\t\t\t<p>AIWAYS Automobile Europe GmbH<br \/>Stadtsparkasse M\u00fcnchen<br \/>IBAN: DE16 7015 0000 1005 9890 15<br \/>BIC: SSKMDEMMXXX<\/p>\t\t\t\t\t\t\t\t<\/div>\n\t\t\t\t<\/div>\n\t\t\t\t\t<\/div>\n\t\t<\/div>\n\t\t\t\t\t<\/div>\n\t\t<\/section>\n\t\t\t\t<\/div>\n\t\t","protected":false},"excerpt":{"rendered":"<p>Impressum Kontakt Maxomotive Schweiz AG Brandbachstrasse 6 8305 Dietlikon info.aiways.ch@astara.com +41 800 063 063 Rechtliche Informationen Gesch\u00e4ftsf\u00fchrer: Dr.Alexander Carsten KloseSitz der Gesellschaft: M\u00fcnchenRegistergericht: Amtsgericht M\u00fcnchen HRB 254481Umsatzsteuer-ID-Nr.: DE327427104 Bankinformation AIWAYS Automobile Europe GmbHStadtsparkasse M\u00fcnchenIBAN: DE16 7015 0000 1005 9890 15BIC: SSKMDEMMXXX<\/p>\n","protected":false},"author":1,"featured_media":0,"parent":0,"menu_order":0,"comment_status":"closed","ping_status":"closed","template":"","meta":{"footnotes":""},"class_list":["post-5619","page","type-page","status-publish","hentry"],"yoast_head":"<!-- This site is optimized with the Yoast SEO plugin v26.3 - https:\/\/yoast.com\/wordpress\/plugins\/seo\/ -->\n<title>Aiways Switzerland<\/title>\n<meta name=\"robots\" content=\"index, follow, max-snippet:-1, max-image-preview:large, max-video-preview:-1\" \/>\n<link rel=\"canonical\" href=\"https:\/\/aiways-switzerland.ch\/de\/imprint\/\" \/>\n<meta property=\"og:locale\" content=\"de_DE\" \/>\n<meta property=\"og:type\" content=\"article\" \/>\n<meta property=\"og:site_name\" content=\"Aiways Switzerland\" \/>\n<meta property=\"article:modified_time\" content=\"2023-08-02T15:54:37+00:00\" \/>\n<meta name=\"twitter:card\" content=\"summary_large_image\" \/>\n<meta name=\"twitter:label1\" content=\"Gesch\u00e4tzte Lesezeit\" \/>\n\t<meta name=\"twitter:data1\" content=\"1\u00a0Minute\" \/>\n<script type=\"application\/ld+json\" class=\"yoast-schema-graph\">{\"@context\":\"https:\/\/schema.org\",\"@graph\":[{\"@type\":\"WebPage\",\"@id\":\"https:\/\/aiways-switzerland.ch\/de\/imprint\/\",\"url\":\"https:\/\/aiways-switzerland.ch\/de\/imprint\/\",\"name\":\"Aiways Switzerland Imprint\",\"isPartOf\":{\"@id\":\"https:\/\/aiways-switzerland.ch\/de\/#website\"},\"datePublished\":\"2020-09-07T17:57:55+00:00\",\"dateModified\":\"2023-08-02T15:54:37+00:00\",\"breadcrumb\":{\"@id\":\"https:\/\/aiways-switzerland.ch\/de\/imprint\/#breadcrumb\"},\"inLanguage\":\"de\",\"potentialAction\":[{\"@type\":\"ReadAction\",\"target\":[\"https:\/\/aiways-switzerland.ch\/de\/imprint\/\"]}]},{\"@type\":\"BreadcrumbList\",\"@id\":\"https:\/\/aiways-switzerland.ch\/de\/imprint\/#breadcrumb\",\"itemListElement\":[{\"@type\":\"ListItem\",\"position\":1,\"name\":\"Home\",\"item\":\"https:\/\/aiways-switzerland.ch\/de\/\"},{\"@type\":\"ListItem\",\"position\":2,\"name\":\"Aiways Switzerland Imprint\"}]},{\"@type\":\"WebSite\",\"@id\":\"https:\/\/aiways-switzerland.ch\/de\/#website\",\"url\":\"https:\/\/aiways-switzerland.ch\/de\/\",\"name\":\"Aiways Switzerland\",\"description\":\"\",\"publisher\":{\"@id\":\"https:\/\/aiways-switzerland.ch\/de\/#organization\"},\"potentialAction\":[{\"@type\":\"SearchAction\",\"target\":{\"@type\":\"EntryPoint\",\"urlTemplate\":\"https:\/\/aiways-switzerland.ch\/de\/?s={search_term_string}\"},\"query-input\":{\"@type\":\"PropertyValueSpecification\",\"valueRequired\":true,\"valueName\":\"search_term_string\"}}],\"inLanguage\":\"de\"},{\"@type\":\"Organization\",\"@id\":\"https:\/\/aiways-switzerland.ch\/de\/#organization\",\"name\":\"Aiways Switzerland\",\"url\":\"https:\/\/aiways-switzerland.ch\/de\/\",\"logo\":{\"@type\":\"ImageObject\",\"inLanguage\":\"de\",\"@id\":\"https:\/\/aiways-switzerland.ch\/de\/#\/schema\/logo\/image\/\",\"url\":\"https:\/\/aiways-switzerland.ch\/wp-content\/uploads\/2020\/09\/aiways-logo.svg\",\"contentUrl\":\"https:\/\/aiways-switzerland.ch\/wp-content\/uploads\/2020\/09\/aiways-logo.svg\",\"width\":83,\"height\":50,\"caption\":\"Aiways Switzerland\"},\"image\":{\"@id\":\"https:\/\/aiways-switzerland.ch\/de\/#\/schema\/logo\/image\/\"}}]}<\/script>\n<!-- \/ Yoast SEO plugin. -->","yoast_head_json":{"title":"Aiways Switzerland","robots":{"index":"index","follow":"follow","max-snippet":"max-snippet:-1","max-image-preview":"max-image-preview:large","max-video-preview":"max-video-preview:-1"},"canonical":"https:\/\/aiways-switzerland.ch\/de\/imprint\/","og_locale":"de_DE","og_type":"article","og_site_name":"Aiways Switzerland","article_modified_time":"2023-08-02T15:54:37+00:00","twitter_card":"summary_large_image","twitter_misc":{"Gesch\u00e4tzte Lesezeit":"1\u00a0Minute"},"schema":{"@context":"https:\/\/schema.org","@graph":[{"@type":"WebPage","@id":"https:\/\/aiways-switzerland.ch\/de\/imprint\/","url":"https:\/\/aiways-switzerland.ch\/de\/imprint\/","name":"Aiways Switzerland Imprint","isPartOf":{"@id":"https:\/\/aiways-switzerland.ch\/de\/#website"},"datePublished":"2020-09-07T17:57:55+00:00","dateModified":"2023-08-02T15:54:37+00:00","breadcrumb":{"@id":"https:\/\/aiways-switzerland.ch\/de\/imprint\/#breadcrumb"},"inLanguage":"de","potentialAction":[{"@type":"ReadAction","target":["https:\/\/aiways-switzerland.ch\/de\/imprint\/"]}]},{"@type":"BreadcrumbList","@id":"https:\/\/aiways-switzerland.ch\/de\/imprint\/#breadcrumb","itemListElement":[{"@type":"ListItem","position":1,"name":"Home","item":"https:\/\/aiways-switzerland.ch\/de\/"},{"@type":"ListItem","position":2,"name":"Aiways Switzerland Imprint"}]},{"@type":"WebSite","@id":"https:\/\/aiways-switzerland.ch\/de\/#website","url":"https:\/\/aiways-switzerland.ch\/de\/","name":"Aiways Switzerland","description":"","publisher":{"@id":"https:\/\/aiways-switzerland.ch\/de\/#organization"},"potentialAction":[{"@type":"SearchAction","target":{"@type":"EntryPoint","urlTemplate":"https:\/\/aiways-switzerland.ch\/de\/?s={search_term_string}"},"query-input":{"@type":"PropertyValueSpecification","valueRequired":true,"valueName":"search_term_string"}}],"inLanguage":"de"},{"@type":"Organization","@id":"https:\/\/aiways-switzerland.ch\/de\/#organization","name":"Aiways Switzerland","url":"https:\/\/aiways-switzerland.ch\/de\/","logo":{"@type":"ImageObject","inLanguage":"de","@id":"https:\/\/aiways-switzerland.ch\/de\/#\/schema\/logo\/image\/","url":"https:\/\/aiways-switzerland.ch\/wp-content\/uploads\/2020\/09\/aiways-logo.svg","contentUrl":"https:\/\/aiways-switzerland.ch\/wp-content\/uploads\/2020\/09\/aiways-logo.svg","width":83,"height":50,"caption":"Aiways Switzerland"},"image":{"@id":"https:\/\/aiways-switzerland.ch\/de\/#\/schema\/logo\/image\/"}}]}},"_links":{"self":[{"href":"https:\/\/aiways-switzerland.ch\/de\/wp-json\/wp\/v2\/pages\/5619","targetHints":{"allow":["GET"]}}],"collection":[{"href":"https:\/\/aiways-switzerland.ch\/de\/wp-json\/wp\/v2\/pages"}],"about":[{"href":"https:\/\/aiways-switzerland.ch\/de\/wp-json\/wp\/v2\/types\/page"}],"author":[{"embeddable":true,"href":"https:\/\/aiways-switzerland.ch\/de\/wp-json\/wp\/v2\/users\/1"}],"replies":[{"embeddable":true,"href":"https:\/\/aiways-switzerland.ch\/de\/wp-json\/wp\/v2\/comments?post=5619"}],"version-history":[{"count":5,"href":"https:\/\/aiways-switzerland.ch\/de\/wp-json\/wp\/v2\/pages\/5619\/revisions"}],"predecessor-version":[{"id":17952,"href":"https:\/\/aiways-switzerland.ch\/de\/wp-json\/wp\/v2\/pages\/5619\/revisions\/17952"}],"wp:attachment":[{"href":"https:\/\/aiways-switzerland.ch\/de\/wp-json\/wp\/v2\/media?parent=5619"}],"curies":[{"name":"wp","href":"https:\/\/api.w.org\/{rel}","templated":true}]}}